{"id":4257,"date":"2021-01-10T17:12:18","date_gmt":"2021-01-10T17:12:18","guid":{"rendered":"https:\/\/cabelitelaw.com\/?page_id=4257"},"modified":"2021-08-23T21:14:30","modified_gmt":"2021-08-24T01:14:30","slug":"droit-financier","status":"publish","type":"page","link":"https:\/\/cabelitelaw.com\/fr\/domaines-dintervention\/banque-finance-assurances\/droit-financier\/","title":{"rendered":"Droit Financier"},"content":{"rendered":"<p><section id=\"bt_bb_section69e152f00b064\" class=\"bt_bb_section bt_bb_color_scheme_10 bt_bb_layout_boxed_1200 bt_bb_vertical_align_top bt_bb_background_overlay_dark_solid bt_bb_top_spacing_medium bt_bb_bottom_spacing_medium\" style=\"; --section-primary-color:#ffffff; --section-secondary-color:#1a243f;;background-color:#0f1625;\" data-bt-override-class=\"null\"><div class=\"bt_bb_background_image_holder_wrapper\"><div class=\"bt_bb_background_image_holder btLazyLoadBackground\"  data-background_image_src=\"https:\/\/cabelitelaw.com\/fr\/wp-content\/uploads\/2021\/01\/litigation3.jpg\" data-parallax-zoom-start=\"1\" data-parallax-zoom-end=\"1\" data-parallax-blur-start=\"0\" data-parallax-blur-end=\"0\" data-parallax-opacity-start=\"1\" data-parallax-opacity-end=\"1\" style=\" background-image: url(&#039;https:\/\/cabelitelaw.com\/fr\/wp-content\/plugins\/bold-page-builder\/img\/blank.gif&#039;);\"><\/div><\/div><div class=\"bt_bb_port\"><div class=\"bt_bb_cell\"><div class=\"bt_bb_cell_inner\"><div class=\"bt_bb_row \"  data-bt-override-class=\"{}\"><div class=\"bt_bb_row_holder\" ><div  class=\"bt_bb_column col-xl-12 bt_bb_align_center bt_bb_padding_50\"  data-width=\"12\" data-bt-override-class=\"{}\"><div class=\"bt_bb_column_content bt_bb_vertical_align_middle bt_bb_color_scheme_\"><div class=\"bt_bb_column_content_inner\"><div class=\"bt_bb_separator bt_bb_border_style_none bt_bb_bottom_spacing_medium bt_bb_hidden_xs bt_bb_hidden_ms bt_bb_hidden_sm\" data-bt-override-class=\"null\"><\/div><header class=\"bt_bb_headline bt_bb_color_scheme_6 bt_bb_dash_none bt_bb_superheadline bt_bb_size_extralarge bt_bb_align_inherit\" style=\"; --primary-color:#ffffff; --secondary-color:#B07C4B;\" data-bt-override-class=\"{&quot;bt_bb_align_&quot;:{&quot;current_class&quot;:&quot;bt_bb_align_inherit&quot;,&quot;def&quot;:&quot;inherit&quot;,&quot;xl&quot;:&quot;inherit&quot;}}\"><h2 class=\"bt_bb_headline_tag\"><span class=\"bt_bb_headline_superheadline\">DOMAINES D'INTERVENTION<\/span><span class=\"bt_bb_headline_content\"><span>Banque, Finance &amp; Assurances<\/span><\/span><\/h2><\/header><div class=\"bt_bb_separator bt_bb_border_style_none bt_bb_bottom_spacing_large bt_bb_hidden_xs bt_bb_hidden_ms bt_bb_hidden_sm\" data-bt-override-class=\"null\"><\/div><\/div><\/div><\/div><\/div><\/div><\/div><!-- cell_inner --><\/div><!-- cell --><\/div><!-- port --><\/section><section id=\"bt_bb_section69e152f00b353\" class=\"bt_bb_section bt_bb_layout_wide bt_bb_vertical_align_top bt_bb_negative_margin_large\"  data-bt-override-class=\"null\"><div class=\"bt_bb_port\"><div class=\"bt_bb_cell\"><div class=\"bt_bb_cell_inner\"><div class=\"bt_bb_row  bt_bb_layout_special btOverlapRight\"  data-bt-override-class=\"{}\"><div class=\"bt_bb_row_holder\" ><div  class=\"bt_bb_column col-xl-6 my3column3 bt_bb_align_left bt_bb_padding_normal\"  data-width=\"6\" data-bt-override-class=\"{}\"><div class=\"bt_bb_column_content bt_bb_vertical_align_top bt_bb_color_scheme_ bt_bb_column_background_image\" style=\"background-image:url(&#039;https:\/\/cabelitelaw.com\/fr\/wp-content\/uploads\/2021\/01\/finance.jpg&#039;);\"><div class=\"bt_bb_column_content_inner\"><div class=\"bt_bb_separator bt_bb_border_style_none bt_bb_bottom_spacing_extra_large\" data-bt-override-class=\"null\"><\/div><\/div><\/div><\/div><div  class=\"bt_bb_column col-xl-6 my4column4 bt_bb_align_left bt_bb_icon_color_scheme_6 bt_bb_padding_normal\" style=\"; --column-icon-primary-color:#ffffff; --column-icon-secondary-color:#B07C4B;\" data-width=\"6\" data-bt-override-class=\"{}\"><div class=\"bt_bb_column_content bt_bb_vertical_align_top bt_bb_color_scheme_\"><div class=\"bt_bb_column_content_inner\"><header class=\"bt_bb_headline bt_bb_color_scheme_14 bt_bb_dash_gray bt_bb_size_normal bt_bb_align_inherit\" style=\"; --primary-color:#1a243f; --secondary-color:#B07C4B;\" data-bt-override-class=\"{&quot;bt_bb_align_&quot;:{&quot;current_class&quot;:&quot;bt_bb_align_inherit&quot;,&quot;def&quot;:&quot;inherit&quot;,&quot;xl&quot;:&quot;inherit&quot;}}\"><h3 class=\"bt_bb_headline_tag\"><span class=\"bt_bb_headline_content\"><span>Finance<\/span><\/span><\/h3><\/header><div class=\"bt_bb_separator bt_bb_border_style_none bt_bb_bottom_spacing_medium\" data-bt-override-class=\"null\"><\/div><header class=\"bt_bb_headline bt_bb_color_scheme_14 bt_bb_dash_none bt_bb_superheadline bt_bb_size_normal bt_bb_align_inherit btNoHeadline\" style=\"; --primary-color:#1a243f; --secondary-color:#B07C4B;\" data-bt-override-class=\"{}\"><h3 class=\"bt_bb_headline_tag\"><span class=\"bt_bb_headline_superheadline\">SERVICES<\/span><\/h3><\/header><div class=\"bt_bb_separator bt_bb_border_style_none bt_bb_bottom_spacing_normal\" data-bt-override-class=\"null\"><\/div><div  class=\"bt_bb_text\" ><\/p>\n<p style=\"text-align: justify;\">En mati\u00e8re financi\u00e8re, nous accompagnons, conseillons et assistons nos clients dans la n\u00e9gociation et la r\u00e9daction des contrats, et des d\u00e9marches aupr\u00e8s des administrations publiques impliqu\u00e9es dans les investissements internationaux.<\/p>\n<p style=\"text-align: justify;\">Nous conseillons et assistons \u00e9galement nos clients aupr\u00e8s des agences ou administrations nationales qui garantissent et promeuvent les investissements, notamment dans la pr\u00e9paration et l&rsquo;accompagnement des dossiers d&rsquo;approbation de projets ainsi que pour faciliter leur acc\u00e8s aux avantages et privil\u00e8ges fiscaux, douaniers et de change organis\u00e9s par le code ou charte des investissements.<\/p>\n<p style=\"text-align: justify;\">En accompagnant nos clients dans leurs projets, nous veillons \u00e0 leur offrir les services juridiques les plus efficaces r\u00e9pondant aux normes internationales \u00e9tablies dans le secteur financier.<\/p>\n<p style=\"text-align: justify;\">Apr\u00e8s la consultation initiale avec un client, nous faisons notre diligence raisonnable pour conseiller le client sur les exigences r\u00e9glementaires et le cadre l\u00e9gislatif applicables au projet en cours. Apr\u00e8s la due diligence, nous proc\u00e9dons en assistant davantage le client dans la mise en \u0153uvre du projet, \u00e0 savoir, en veillant \u00e0 ce que le client respecte toute obligation fix\u00e9e par l&rsquo;\u00c9tat concernant la constitution de filiales de soci\u00e9t\u00e9s d&rsquo;investissement, l&rsquo;enregistrement des soci\u00e9t\u00e9s avec l&#8217;emploi et l&rsquo;administration fiscale, l&rsquo;acquisition des autorisations et permis concernant des projets d&rsquo;investissement et\/ou la d\u00e9livrance d&rsquo;autorisations et la conclusion d&rsquo;accords de change avec les autorit\u00e9s de change ou mon\u00e9taires.<\/p>\n<p style=\"text-align: justify;\">De plus, nous conseillons et assistons nos clients dans le r\u00e8glement des diff\u00e9rends et litiges r\u00e9sultant de l&rsquo;interpr\u00e9tation et de la mise en \u0153uvre des cadres l\u00e9gislatifs applicables r\u00e9glementant les investissements dans cette juridiction. Tout cela est fait avec l&rsquo;objectif principal de s&rsquo;assurer que nos clients re\u00e7oivent les avantages juridiques auxquels leurs projets ont droit.<\/p>\n<p>\n<\/div><div class=\"bt_bb_separator bt_bb_border_style_none bt_bb_top_spacing_normal bt_bb_bottom_spacing_extra_small\" data-bt-override-class=\"null\"><\/div><header class=\"bt_bb_headline bt_bb_dash_none bt_bb_size_small bt_bb_align_inherit\" data-bt-override-class=\"{&quot;bt_bb_align_&quot;:{&quot;current_class&quot;:&quot;bt_bb_align_inherit&quot;,&quot;def&quot;:&quot;inherit&quot;,&quot;xl&quot;:&quot;inherit&quot;}}\"><h1 class=\"bt_bb_headline_tag\"><span class=\"bt_bb_headline_content\"><span><a href=\"https:\/\/cabelitelaw.com\/fr\/domaines-dintervention\/banque-finance-assurances\/\" target=\"_self\" title=\"Voir plus dans Banque, Finance &amp; Assurances\">Voir plus dans <strong>Banque, Finance &amp; Assurances<\/strong><\/a><\/span><\/span><\/h1><\/header><div class=\"bt_bb_separator bt_bb_border_style_none bt_bb_top_spacing_normal bt_bb_bottom_spacing_extra_small\" data-bt-override-class=\"null\"><\/div><div class=\" bt_bb_row_inner\"   data-bt-override-class=\"{}\"><div class=\"bt_bb_row_inner_holder\"  ><div  class=\"bt_bb_column_inner col-xl-6 col-xs-12 col-sm-6 col-md-6 col-lg-6 bt_bb_align_left bt_bb_vertical_align_top bt_bb_padding_normal bt_bb_border_color_accent bt_bb_left_border\"  data-width=\"6\" data-bt-override-class=\"{&quot;bt_bb_align_&quot;:{&quot;current_class&quot;:&quot;bt_bb_align_left&quot;,&quot;def&quot;:&quot;left&quot;,&quot;xl&quot;:&quot;left&quot;}}\"><div class=\"bt_bb_column_inner_content\"><div class=\"bt_bb_link\"><a href=\"https:\/\/cabelitelaw.com\/fr\/domaines-dintervention\/banque-finance-assurances\/droit-bancaire\/\" target=\"_self\" class=\"bt_bb_link_content\" title=\"BANQUE\"><span class=\"bt_bb_link_text\">BANQUE<\/span><\/a><\/div><div class=\"bt_bb_separator bt_bb_border_style_none bt_bb_top_spacing_small bt_bb_bottom_spacing_extra_small\" data-bt-override-class=\"null\"><\/div><div class=\"bt_bb_link\"><a href=\"https:\/\/cabelitelaw.com\/fr\/domaines-dintervention\/banque-finance-assurances\/droit-financier\/\" target=\"_self\" class=\"bt_bb_link_content\" title=\"FINANCE\"><span class=\"bt_bb_link_text\">FINANCE<\/span><\/a><\/div><\/div><\/div><div  class=\"bt_bb_column_inner col-xl-6 col-xs-12 col-sm-6 col-md-6 col-lg-6 bt_bb_align_left bt_bb_vertical_align_top bt_bb_padding_normal bt_bb_border_color_accent bt_bb_left_border\"  data-width=\"6\" data-bt-override-class=\"{&quot;bt_bb_align_&quot;:{&quot;current_class&quot;:&quot;bt_bb_align_left&quot;,&quot;def&quot;:&quot;left&quot;,&quot;xl&quot;:&quot;left&quot;}}\"><div class=\"bt_bb_column_inner_content\"><div class=\"bt_bb_link\"><a href=\"https:\/\/cabelitelaw.com\/fr\/domaines-dintervention\/banque-finance-assurances\/droit-des-assurances\/\" target=\"_self\" class=\"bt_bb_link_content\" title=\"ASSURANCES\"><span class=\"bt_bb_link_text\">ASSURANCES<\/span><\/a><\/div><div class=\"bt_bb_separator bt_bb_border_style_none bt_bb_top_spacing_small bt_bb_bottom_spacing_extra_small\" data-bt-override-class=\"null\"><\/div><div class=\"bt_bb_link\"><a href=\"https:\/\/cabelitelaw.com\/fr\/domaines-dintervention\/banque-finance-assurances\/droit-des-investissements\/\" target=\"_self\" class=\"bt_bb_link_content\" title=\"INVESTISSEMENTS\"><span class=\"bt_bb_link_text\">INVESTISSEMENTS<\/span><\/a><\/div><\/div><\/div><\/div><\/div><\/div><\/div><\/div><\/div><\/div><div class=\"bt_bb_row \"  data-bt-override-class=\"{}\"><div class=\"bt_bb_row_holder\" ><div  class=\"bt_bb_column col-xl-12 col-xs-12 col-sm-12 col-md-12 col-lg-12 bt_bb_align_left bt_bb_padding_normal\"  data-width=\"12\" data-bt-override-class=\"{}\"><div class=\"bt_bb_column_content bt_bb_vertical_align_top bt_bb_color_scheme_\"><div class=\"bt_bb_column_content_inner\"><div class=\"bt_bb_separator bt_bb_border_style_none bt_bb_bottom_spacing_normal\" data-bt-override-class=\"null\"><\/div><\/div><\/div><\/div><\/div><\/div><\/div><!-- cell_inner --><\/div><!-- cell --><\/div><!-- port --><\/section><section id=\"bt_bb_section69e152f00bd34\" class=\"bt_bb_section bt_bb_color_scheme_11 bt_bb_layout_boxed_1200 bt_bb_vertical_align_top bt_bb_top_spacing_medium bt_bb_bottom_spacing_medium\" style=\"; --section-primary-color:#191919; --section-secondary-color:#eff3f4;;background-color:#e1e5e0;\" data-bt-override-class=\"null\"><div class=\"bt_bb_port\"><div class=\"bt_bb_cell\"><div class=\"bt_bb_cell_inner\"><div class=\"bt_bb_row \"  data-bt-override-class=\"{}\"><div class=\"bt_bb_row_holder\" ><div  class=\"bt_bb_column col-xl-12 bt_bb_align_center bt_bb_padding_normal\"  data-width=\"12\" data-bt-override-class=\"{}\"><div class=\"bt_bb_column_content bt_bb_vertical_align_top bt_bb_color_scheme_\"><div class=\"bt_bb_column_content_inner\"><header class=\"bt_bb_headline bt_bb_color_scheme_14 bt_bb_dash_none bt_bb_size_medium bt_bb_align_inherit\" style=\"; --primary-color:#1a243f; --secondary-color:#B07C4B;\" data-bt-override-class=\"{&quot;bt_bb_align_&quot;:{&quot;current_class&quot;:&quot;bt_bb_align_inherit&quot;,&quot;def&quot;:&quot;inherit&quot;,&quot;xl&quot;:&quot;inherit&quot;}}\"><h3 class=\"bt_bb_headline_tag\"><span class=\"bt_bb_headline_content\"><span>Nos Autres Domaines d'Intervention<\/span><\/span><\/h3><\/header><div class=\"bt_bb_separator bt_bb_border_style_none bt_bb_bottom_spacing_medium\" data-bt-override-class=\"null\"><\/div><\/div><\/div><\/div><\/div><\/div><div class=\"bt_bb_row \"  data-bt-override-class=\"{}\"><div class=\"bt_bb_row_holder\" ><div  class=\"bt_bb_column col-xl-4 bt_bb_align_left bt_bb_padding_normal\"  data-width=\"4\" data-bt-override-class=\"{}\"><div class=\"bt_bb_column_content bt_bb_vertical_align_top bt_bb_color_scheme_\"><div class=\"bt_bb_column_content_inner\"><div class=\"bt_bb_separator bt_bb_border_style_none bt_bb_bottom_spacing_small\" data-bt-override-class=\"null\"><\/div><\/div><\/div><\/div><div  class=\"bt_bb_column col-xl-4 bt_bb_align_left bt_bb_padding_normal\"  data-width=\"4\" data-bt-override-class=\"{}\"><div class=\"bt_bb_column_content bt_bb_vertical_align_top bt_bb_color_scheme_\"><div class=\"bt_bb_column_content_inner\"><div class=\"bt_bb_service bt_bb_color_scheme_6 bt_bb_style_filled bt_bb_size_normal bt_bb_shape_square bt_bb_align_inherit bt_bb_arrow_visible bt_bb_title_color_scheme_14 bt_bb_font_weight_semi-bold\" style=\"; --service-primary-color:#ffffff; --service-secondary-color:#B07C4B;; --service-title-primary-color:#1a243f; --service-title-secondary-color:#B07C4B;\"><a href=\"https:\/\/cabelitelaw.com\/fr\/domaines-dintervention\/mines-ressources-naturelles\/\"  target=\"_self\"  title=\"RESSOURCES NATURELLES\"  data-ico-essential=\"&#xe94d;\" class=\"bt_bb_icon_holder\"><\/a><div class=\"bt_bb_service_content\"><a href=\"https:\/\/cabelitelaw.com\/fr\/domaines-dintervention\/mines-ressources-naturelles\/\" target=\"_self\"><div class=\"bt_bb_service_content_title\">RESSOURCES NATURELLES<\/div><div class=\"bt_bb_service_content_arrow\"><\/div><\/a><\/div><\/div><div class=\"bt_bb_separator bt_bb_border_style_none bt_bb_bottom_spacing_small\" data-bt-override-class=\"null\"><\/div><div class=\"bt_bb_service bt_bb_color_scheme_6 bt_bb_style_filled bt_bb_size_normal bt_bb_shape_square bt_bb_align_inherit bt_bb_arrow_visible bt_bb_title_color_scheme_14 bt_bb_font_weight_semi-bold\" style=\"; --service-primary-color:#ffffff; --service-secondary-color:#B07C4B;; --service-title-primary-color:#1a243f; --service-title-secondary-color:#B07C4B;\"><a href=\"https:\/\/cabelitelaw.com\/fr\/domaines-dintervention\/commerce-industrie\/\"  target=\"_self\"  title=\"COMMERCE &amp; INDUSTRIE\"  data-ico-business=\"&#xf158;\" class=\"bt_bb_icon_holder\"><\/a><div class=\"bt_bb_service_content\"><a href=\"https:\/\/cabelitelaw.com\/fr\/domaines-dintervention\/commerce-industrie\/\" target=\"_self\"><div class=\"bt_bb_service_content_title\">COMMERCE &amp; INDUSTRIE<\/div><div class=\"bt_bb_service_content_arrow\"><\/div><\/a><\/div><\/div><\/div><\/div><\/div><div  class=\"bt_bb_column col-xl-4 bt_bb_align_left bt_bb_padding_normal\"  data-width=\"4\" data-bt-override-class=\"{}\"><div class=\"bt_bb_column_content bt_bb_vertical_align_top bt_bb_color_scheme_\"><div class=\"bt_bb_column_content_inner\"><div class=\"bt_bb_service bt_bb_color_scheme_6 bt_bb_style_filled bt_bb_size_normal bt_bb_shape_square bt_bb_align_inherit bt_bb_arrow_visible bt_bb_title_color_scheme_14 bt_bb_font_weight_semi-bold\" style=\"; --service-primary-color:#ffffff; --service-secondary-color:#B07C4B;; --service-title-primary-color:#1a243f; --service-title-secondary-color:#B07C4B;\"><a href=\"https:\/\/cabelitelaw.com\/fr\/domaines-dintervention\/energie-infrastructures\/\"  target=\"_self\"  title=\"ENERGIE &amp; INFRASTRUCTURES\"  data-ico-dripicons=\"&#xe920;\" class=\"bt_bb_icon_holder\"><\/a><div class=\"bt_bb_service_content\"><a href=\"https:\/\/cabelitelaw.com\/fr\/domaines-dintervention\/energie-infrastructures\/\" target=\"_self\"><div class=\"bt_bb_service_content_title\">ENERGIE &amp; INFRASTRUCTURES<\/div><div class=\"bt_bb_service_content_arrow\"><\/div><\/a><\/div><\/div><div class=\"bt_bb_separator bt_bb_border_style_none bt_bb_bottom_spacing_small\" data-bt-override-class=\"null\"><\/div><div class=\"bt_bb_service bt_bb_color_scheme_6 bt_bb_style_filled bt_bb_size_normal bt_bb_shape_square bt_bb_align_inherit bt_bb_arrow_visible bt_bb_title_color_scheme_14 bt_bb_font_weight_semi-bold\" style=\"; --service-primary-color:#ffffff; --service-secondary-color:#B07C4B;; --service-title-primary-color:#1a243f; --service-title-secondary-color:#B07C4B;\"><a href=\"https:\/\/cabelitelaw.com\/fr\/domaines-dintervention\/famille-personnes\/\"  target=\"_self\"  title=\"FAMILLE &amp; PERSONNES\"  data-ico-essential=\"&#xea64;\" class=\"bt_bb_icon_holder\"><\/a><div class=\"bt_bb_service_content\"><a href=\"https:\/\/cabelitelaw.com\/fr\/domaines-dintervention\/famille-personnes\/\" target=\"_self\"><div class=\"bt_bb_service_content_title\">FAMILLE &amp; PERSONNES<\/div><div class=\"bt_bb_service_content_arrow\"><\/div><\/a><\/div><\/div><\/div><\/div><\/div><\/div><\/div><\/div><!-- cell_inner --><\/div><!-- cell --><\/div><!-- port --><\/section><\/p>\n","protected":false},"excerpt":{"rendered":"","protected":false},"author":1,"featured_media":0,"parent":4237,"menu_order":0,"comment_status":"closed","ping_status":"closed","template":"","meta":{"footnotes":""},"class_list":["post-4257","page","type-page","status-publish","hentry"],"yoast_head":"<!-- This site is optimized with the Yoast SEO plugin v27.4 - https:\/\/yoast.com\/product\/yoast-seo-wordpress\/ -->\n<title>Droit Financier - Elite Law Firm<\/title>\n<meta name=\"robots\" content=\"index, follow, max-snippet:-1, max-image-preview:large, max-video-preview:-1\" \/>\n<link rel=\"canonical\" href=\"https:\/\/cabelitelaw.com\/fr\/domaines-dintervention\/banque-finance-assurances\/droit-financier\/\" \/>\n<meta property=\"og:locale\" content=\"fr_FR\" \/>\n<meta property=\"og:type\" content=\"article\" \/>\n<meta property=\"og:title\" content=\"Droit Financier - Elite Law Firm\" \/>\n<meta property=\"og:url\" content=\"https:\/\/cabelitelaw.com\/fr\/domaines-dintervention\/banque-finance-assurances\/droit-financier\/\" \/>\n<meta property=\"og:site_name\" content=\"Elite Law Firm\" \/>\n<meta property=\"article:publisher\" content=\"https:\/\/www.facebook.com\/elitelawfirm1\/\" \/>\n<meta property=\"article:modified_time\" content=\"2021-08-24T01:14:30+00:00\" \/>\n<meta name=\"twitter:card\" content=\"summary_large_image\" \/>\n<meta name=\"twitter:site\" content=\"@EliteLawFirm1\" \/>\n<meta name=\"twitter:label1\" content=\"Dur\u00e9e de lecture estim\u00e9e\" \/>\n\t<meta name=\"twitter:data1\" content=\"11 minutes\" \/>\n<script type=\"application\/ld+json\" class=\"yoast-schema-graph\">{\"@context\":\"https:\\\/\\\/schema.org\",\"@graph\":[{\"@type\":\"WebPage\",\"@id\":\"https:\\\/\\\/cabelitelaw.com\\\/fr\\\/domaines-dintervention\\\/banque-finance-assurances\\\/droit-financier\\\/\",\"url\":\"https:\\\/\\\/cabelitelaw.com\\\/fr\\\/domaines-dintervention\\\/banque-finance-assurances\\\/droit-financier\\\/\",\"name\":\"Droit Financier - Elite Law Firm\",\"isPartOf\":{\"@id\":\"https:\\\/\\\/cabelitelaw.com\\\/fr\\\/#website\"},\"datePublished\":\"2021-01-10T17:12:18+00:00\",\"dateModified\":\"2021-08-24T01:14:30+00:00\",\"breadcrumb\":{\"@id\":\"https:\\\/\\\/cabelitelaw.com\\\/fr\\\/domaines-dintervention\\\/banque-finance-assurances\\\/droit-financier\\\/#breadcrumb\"},\"inLanguage\":\"fr-FR\",\"potentialAction\":[{\"@type\":\"ReadAction\",\"target\":[\"https:\\\/\\\/cabelitelaw.com\\\/fr\\\/domaines-dintervention\\\/banque-finance-assurances\\\/droit-financier\\\/\"]}]},{\"@type\":\"BreadcrumbList\",\"@id\":\"https:\\\/\\\/cabelitelaw.com\\\/fr\\\/domaines-dintervention\\\/banque-finance-assurances\\\/droit-financier\\\/#breadcrumb\",\"itemListElement\":[{\"@type\":\"ListItem\",\"position\":1,\"name\":\"Domaines d&rsquo;Intervention\",\"item\":\"https:\\\/\\\/cabelitelaw.com\\\/fr\\\/domaines-dintervention\\\/\"},{\"@type\":\"ListItem\",\"position\":2,\"name\":\"Banque, Finance &#038; Assurances\",\"item\":\"https:\\\/\\\/cabelitelaw.com\\\/fr\\\/domaines-dintervention\\\/banque-finance-assurances\\\/\"},{\"@type\":\"ListItem\",\"position\":3,\"name\":\"Droit Financier\"}]},{\"@type\":\"WebSite\",\"@id\":\"https:\\\/\\\/cabelitelaw.com\\\/fr\\\/#website\",\"url\":\"https:\\\/\\\/cabelitelaw.com\\\/fr\\\/\",\"name\":\"Elite Law Firm\",\"description\":\"A Dedicated Law Firm with a Team of Dedicated Lawyers\",\"publisher\":{\"@id\":\"https:\\\/\\\/cabelitelaw.com\\\/fr\\\/#organization\"},\"potentialAction\":[{\"@type\":\"SearchAction\",\"target\":{\"@type\":\"EntryPoint\",\"urlTemplate\":\"https:\\\/\\\/cabelitelaw.com\\\/fr\\\/?s={search_term_string}\"},\"query-input\":{\"@type\":\"PropertyValueSpecification\",\"valueRequired\":true,\"valueName\":\"search_term_string\"}}],\"inLanguage\":\"fr-FR\"},{\"@type\":\"Organization\",\"@id\":\"https:\\\/\\\/cabelitelaw.com\\\/fr\\\/#organization\",\"name\":\"Elite Law Firm\",\"url\":\"https:\\\/\\\/cabelitelaw.com\\\/fr\\\/\",\"logo\":{\"@type\":\"ImageObject\",\"inLanguage\":\"fr-FR\",\"@id\":\"https:\\\/\\\/cabelitelaw.com\\\/fr\\\/#\\\/schema\\\/logo\\\/image\\\/\",\"url\":\"https:\\\/\\\/cabelitelaw.com\\\/wp-content\\\/uploads\\\/2021\\\/02\\\/logo2_whiteback2.png\",\"contentUrl\":\"https:\\\/\\\/cabelitelaw.com\\\/wp-content\\\/uploads\\\/2021\\\/02\\\/logo2_whiteback2.png\",\"width\":800,\"height\":258,\"caption\":\"Elite Law Firm\"},\"image\":{\"@id\":\"https:\\\/\\\/cabelitelaw.com\\\/fr\\\/#\\\/schema\\\/logo\\\/image\\\/\"},\"sameAs\":[\"https:\\\/\\\/www.facebook.com\\\/elitelawfirm1\\\/\",\"https:\\\/\\\/x.com\\\/EliteLawFirm1\",\"https:\\\/\\\/www.linkedin.com\\\/company\\\/elitelawfirm\"]}]}<\/script>\n<!-- \/ Yoast SEO plugin. -->","yoast_head_json":{"title":"Droit Financier - Elite Law Firm","robots":{"index":"index","follow":"follow","max-snippet":"max-snippet:-1","max-image-preview":"max-image-preview:large","max-video-preview":"max-video-preview:-1"},"canonical":"https:\/\/cabelitelaw.com\/fr\/domaines-dintervention\/banque-finance-assurances\/droit-financier\/","og_locale":"fr_FR","og_type":"article","og_title":"Droit Financier - Elite Law Firm","og_url":"https:\/\/cabelitelaw.com\/fr\/domaines-dintervention\/banque-finance-assurances\/droit-financier\/","og_site_name":"Elite Law Firm","article_publisher":"https:\/\/www.facebook.com\/elitelawfirm1\/","article_modified_time":"2021-08-24T01:14:30+00:00","twitter_card":"summary_large_image","twitter_site":"@EliteLawFirm1","twitter_misc":{"Dur\u00e9e de lecture estim\u00e9e":"11 minutes"},"schema":{"@context":"https:\/\/schema.org","@graph":[{"@type":"WebPage","@id":"https:\/\/cabelitelaw.com\/fr\/domaines-dintervention\/banque-finance-assurances\/droit-financier\/","url":"https:\/\/cabelitelaw.com\/fr\/domaines-dintervention\/banque-finance-assurances\/droit-financier\/","name":"Droit Financier - Elite Law Firm","isPartOf":{"@id":"https:\/\/cabelitelaw.com\/fr\/#website"},"datePublished":"2021-01-10T17:12:18+00:00","dateModified":"2021-08-24T01:14:30+00:00","breadcrumb":{"@id":"https:\/\/cabelitelaw.com\/fr\/domaines-dintervention\/banque-finance-assurances\/droit-financier\/#breadcrumb"},"inLanguage":"fr-FR","potentialAction":[{"@type":"ReadAction","target":["https:\/\/cabelitelaw.com\/fr\/domaines-dintervention\/banque-finance-assurances\/droit-financier\/"]}]},{"@type":"BreadcrumbList","@id":"https:\/\/cabelitelaw.com\/fr\/domaines-dintervention\/banque-finance-assurances\/droit-financier\/#breadcrumb","itemListElement":[{"@type":"ListItem","position":1,"name":"Domaines d&rsquo;Intervention","item":"https:\/\/cabelitelaw.com\/fr\/domaines-dintervention\/"},{"@type":"ListItem","position":2,"name":"Banque, Finance &#038; Assurances","item":"https:\/\/cabelitelaw.com\/fr\/domaines-dintervention\/banque-finance-assurances\/"},{"@type":"ListItem","position":3,"name":"Droit Financier"}]},{"@type":"WebSite","@id":"https:\/\/cabelitelaw.com\/fr\/#website","url":"https:\/\/cabelitelaw.com\/fr\/","name":"Elite Law Firm","description":"A Dedicated Law Firm with a Team of Dedicated Lawyers","publisher":{"@id":"https:\/\/cabelitelaw.com\/fr\/#organization"},"potentialAction":[{"@type":"SearchAction","target":{"@type":"EntryPoint","urlTemplate":"https:\/\/cabelitelaw.com\/fr\/?s={search_term_string}"},"query-input":{"@type":"PropertyValueSpecification","valueRequired":true,"valueName":"search_term_string"}}],"inLanguage":"fr-FR"},{"@type":"Organization","@id":"https:\/\/cabelitelaw.com\/fr\/#organization","name":"Elite Law Firm","url":"https:\/\/cabelitelaw.com\/fr\/","logo":{"@type":"ImageObject","inLanguage":"fr-FR","@id":"https:\/\/cabelitelaw.com\/fr\/#\/schema\/logo\/image\/","url":"https:\/\/cabelitelaw.com\/wp-content\/uploads\/2021\/02\/logo2_whiteback2.png","contentUrl":"https:\/\/cabelitelaw.com\/wp-content\/uploads\/2021\/02\/logo2_whiteback2.png","width":800,"height":258,"caption":"Elite Law Firm"},"image":{"@id":"https:\/\/cabelitelaw.com\/fr\/#\/schema\/logo\/image\/"},"sameAs":["https:\/\/www.facebook.com\/elitelawfirm1\/","https:\/\/x.com\/EliteLawFirm1","https:\/\/www.linkedin.com\/company\/elitelawfirm"]}]}},"_links":{"self":[{"href":"https:\/\/cabelitelaw.com\/fr\/wp-json\/wp\/v2\/pages\/4257","targetHints":{"allow":["GET"]}}],"collection":[{"href":"https:\/\/cabelitelaw.com\/fr\/wp-json\/wp\/v2\/pages"}],"about":[{"href":"https:\/\/cabelitelaw.com\/fr\/wp-json\/wp\/v2\/types\/page"}],"author":[{"embeddable":true,"href":"https:\/\/cabelitelaw.com\/fr\/wp-json\/wp\/v2\/users\/1"}],"replies":[{"embeddable":true,"href":"https:\/\/cabelitelaw.com\/fr\/wp-json\/wp\/v2\/comments?post=4257"}],"version-history":[{"count":14,"href":"https:\/\/cabelitelaw.com\/fr\/wp-json\/wp\/v2\/pages\/4257\/revisions"}],"predecessor-version":[{"id":7126,"href":"https:\/\/cabelitelaw.com\/fr\/wp-json\/wp\/v2\/pages\/4257\/revisions\/7126"}],"up":[{"embeddable":true,"href":"https:\/\/cabelitelaw.com\/fr\/wp-json\/wp\/v2\/pages\/4237"}],"wp:attachment":[{"href":"https:\/\/cabelitelaw.com\/fr\/wp-json\/wp\/v2\/media?parent=4257"}],"curies":[{"name":"wp","href":"https:\/\/api.w.org\/{rel}","templated":true}]}}