{"id":4199,"date":"2021-01-10T03:51:04","date_gmt":"2021-01-10T03:51:04","guid":{"rendered":"https:\/\/cabelitelaw.com\/?page_id=4199"},"modified":"2021-08-23T02:50:00","modified_gmt":"2021-08-23T06:50:00","slug":"energie-infrastructures","status":"publish","type":"page","link":"https:\/\/cabelitelaw.com\/fr\/domaines-dintervention\/energie-infrastructures\/","title":{"rendered":"Energie &#038; Infrastructures"},"content":{"rendered":"<p><section id=\"bt_bb_section69f9b98caad70\" class=\"bt_bb_section bt_bb_color_scheme_10 bt_bb_layout_boxed_1200 bt_bb_vertical_align_top bt_bb_background_overlay_dark_solid bt_bb_top_spacing_medium bt_bb_bottom_spacing_medium\" style=\"; --section-primary-color:#ffffff; --section-secondary-color:#1a243f;;background-color:#0f1625;\" data-bt-override-class=\"null\"><div class=\"bt_bb_background_image_holder_wrapper\"><div class=\"bt_bb_background_image_holder btLazyLoadBackground\"  data-background_image_src=\"https:\/\/cabelitelaw.com\/fr\/wp-content\/uploads\/2021\/01\/litigation3.jpg\" data-parallax-zoom-start=\"1\" data-parallax-zoom-end=\"1\" data-parallax-blur-start=\"0\" data-parallax-blur-end=\"0\" data-parallax-opacity-start=\"1\" data-parallax-opacity-end=\"1\" style=\" background-image: url(&#039;https:\/\/cabelitelaw.com\/fr\/wp-content\/plugins\/bold-page-builder\/img\/blank.gif&#039;);\"><\/div><\/div><div class=\"bt_bb_port\"><div class=\"bt_bb_cell\"><div class=\"bt_bb_cell_inner\"><div class=\"bt_bb_row \"  data-bt-override-class=\"{}\"><div class=\"bt_bb_row_holder\" ><div  class=\"bt_bb_column col-xl-12 bt_bb_align_center bt_bb_padding_50\"  data-width=\"12\" data-bt-override-class=\"{}\"><div class=\"bt_bb_column_content bt_bb_vertical_align_middle bt_bb_color_scheme_\"><div class=\"bt_bb_column_content_inner\"><div class=\"bt_bb_separator bt_bb_border_style_none bt_bb_bottom_spacing_medium bt_bb_hidden_xs bt_bb_hidden_ms bt_bb_hidden_sm\" data-bt-override-class=\"null\"><\/div><header class=\"bt_bb_headline bt_bb_color_scheme_6 bt_bb_dash_none bt_bb_size_extralarge bt_bb_align_inherit\" style=\"; --primary-color:#ffffff; --secondary-color:#B07C4B;\" data-bt-override-class=\"{&quot;bt_bb_align_&quot;:{&quot;current_class&quot;:&quot;bt_bb_align_inherit&quot;,&quot;def&quot;:&quot;inherit&quot;,&quot;xl&quot;:&quot;inherit&quot;}}\"><h2 class=\"bt_bb_headline_tag\"><span class=\"bt_bb_headline_content\"><span>Nos Domaines d'Intervention<\/span><\/span><\/h2><\/header><div class=\"bt_bb_separator bt_bb_border_style_none bt_bb_bottom_spacing_large bt_bb_hidden_xs bt_bb_hidden_ms bt_bb_hidden_sm\" data-bt-override-class=\"null\"><\/div><\/div><\/div><\/div><\/div><\/div><\/div><!-- cell_inner --><\/div><!-- cell --><\/div><!-- port --><\/section><section id=\"bt_bb_section69f9b98cab1b1\" class=\"bt_bb_section bt_bb_layout_wide bt_bb_vertical_align_top bt_bb_negative_margin_large\"  data-bt-override-class=\"null\"><div class=\"bt_bb_port\"><div class=\"bt_bb_cell\"><div class=\"bt_bb_cell_inner\"><div class=\"bt_bb_row  bt_bb_layout_special btOverlapRight\"  data-bt-override-class=\"{}\"><div class=\"bt_bb_row_holder\" ><div  class=\"bt_bb_column col-xl-6 my3column3 bt_bb_align_left bt_bb_padding_normal\"  data-width=\"6\" data-bt-override-class=\"{}\"><div class=\"bt_bb_column_content bt_bb_vertical_align_top bt_bb_color_scheme_ bt_bb_column_background_image\" style=\"background-image:url(&#039;https:\/\/cabelitelaw.com\/fr\/wp-content\/uploads\/2021\/01\/n-drc-small-0015.jpg&#039;);\"><div class=\"bt_bb_column_content_inner\"><div class=\"bt_bb_separator bt_bb_border_style_none bt_bb_bottom_spacing_extra_large\" data-bt-override-class=\"null\"><\/div><\/div><\/div><\/div><div  class=\"bt_bb_column col-xl-6 my4column4 bt_bb_align_left bt_bb_icon_color_scheme_6 bt_bb_padding_normal\" style=\"; --column-icon-primary-color:#ffffff; --column-icon-secondary-color:#B07C4B;\" data-width=\"6\" data-bt-override-class=\"{}\"><div class=\"bt_bb_column_content bt_bb_vertical_align_top bt_bb_color_scheme_\"><div class=\"bt_bb_column_content_inner\"><header class=\"bt_bb_headline bt_bb_color_scheme_14 bt_bb_dash_gray bt_bb_size_normal bt_bb_align_inherit\" style=\"; --primary-color:#1a243f; --secondary-color:#B07C4B;\" data-bt-override-class=\"{&quot;bt_bb_align_&quot;:{&quot;current_class&quot;:&quot;bt_bb_align_inherit&quot;,&quot;def&quot;:&quot;inherit&quot;,&quot;xl&quot;:&quot;inherit&quot;}}\"><h3 class=\"bt_bb_headline_tag\"><span class=\"bt_bb_headline_content\"><span>Energie &amp; Infrastructures<\/span><\/span><\/h3><\/header><div class=\"bt_bb_separator bt_bb_border_style_none bt_bb_bottom_spacing_medium\" data-bt-override-class=\"null\"><\/div><div  class=\"bt_bb_text\" ><\/p>\n<p style=\"text-align: justify;\">La perspective d\u2019une augmentation significative des investissements \u00e9trangers en Afrique conduit les \u00c9tats africains, individuellement ou collectivement, \u00e0 relever leur d\u00e9ficit en infrastructures \u00e9nerg\u00e9tiques, de g\u00e9nie civil, de transport et de t\u00e9l\u00e9communications. L\u2019objectif vis\u00e9 par ces pays est de r\u00e9duire le co\u00fbt de production et d\u2019am\u00e9liorer leur comp\u00e9titivit\u00e9, afin d\u2019attirer le flux des investissements directs \u00e9trangers destin\u00e9s au continent africain.<\/p>\n<p style=\"text-align: justify;\">De nouvelles politiques et strat\u00e9gies ainsi que des programmes acc\u00e9l\u00e9r\u00e9s de d\u00e9veloppement des infrastructures sont en train d\u2019\u00eatre mat\u00e9rialis\u00e9s par la r\u00e9forme des lois et r\u00e8glements ainsi que la conclusion de contrats de partenariat public-priv\u00e9. La mise en \u0153uvre de ces instruments juridiques soul\u00e8ve des d\u00e9fis juridiques majeurs qui poussent les avocats et consultants de Elite Law Firm, dans leurs domaines d\u2019expertise, de suivre quotidiennement la rapide \u00e9volution l\u00e9gislative et r\u00e8glementaire ainsi que les pratiques contractuelles y aff\u00e9rentes. Ils sont ainsi \u00e0 m\u00eame, \u00e0 la suite des recherches pointilleuses, de r\u00e9pondre aux besoins des clients, nationaux et internationaux, dans leurs projets d\u2019investissement ou de financement de projets en RDC et en Afrique.<\/p>\n<p>\n<\/div><div class=\"bt_bb_separator bt_bb_border_style_none bt_bb_top_spacing_normal bt_bb_bottom_spacing_extra_small\" data-bt-override-class=\"null\"><\/div><div class=\" bt_bb_row_inner\"   data-bt-override-class=\"{}\"><div class=\"bt_bb_row_inner_holder\"  ><div  class=\"bt_bb_column_inner col-xl-6 bt_bb_align_left bt_bb_vertical_align_top bt_bb_padding_normal\"  data-width=\"6\" data-bt-override-class=\"{}\"><div class=\"bt_bb_column_inner_content\"><div class=\"bt_bb_service bt_bb_color_scheme_6 bt_bb_style_filled bt_bb_size_normal bt_bb_shape_square bt_bb_align_inherit bt_bb_arrow_visible bt_bb_title_color_scheme_14 bt_bb_font_weight_semi-bold\" style=\"; --service-primary-color:#ffffff; --service-secondary-color:#B07C4B;; --service-title-primary-color:#1a243f; --service-title-secondary-color:#B07C4B;\"><a href=\"https:\/\/cabelitelaw.com\/fr\/domaines-dintervention\/energie-infrastructures\/droit-de-lenergie-electrique\/\"  target=\"_self\"  title=\"ELECTRICIT\u00c9\"  data-ico-fontawesome5regular=\"&#xf0eb;\" class=\"bt_bb_icon_holder\"><\/a><div class=\"bt_bb_service_content\"><a href=\"https:\/\/cabelitelaw.com\/fr\/domaines-dintervention\/energie-infrastructures\/droit-de-lenergie-electrique\/\" target=\"_self\"><div class=\"bt_bb_service_content_title\">ELECTRICIT\u00c9<\/div><div class=\"bt_bb_service_content_arrow\"><\/div><\/a><\/div><\/div><\/div><\/div><div  class=\"bt_bb_column_inner col-xl-6 bt_bb_align_left bt_bb_vertical_align_top bt_bb_padding_normal\"  data-width=\"6\" data-bt-override-class=\"{}\"><div class=\"bt_bb_column_inner_content\"><div class=\"bt_bb_service bt_bb_color_scheme_6 bt_bb_style_filled bt_bb_size_normal bt_bb_shape_square bt_bb_align_inherit bt_bb_arrow_visible bt_bb_title_color_scheme_14 bt_bb_font_weight_semi-bold\" style=\"; --service-primary-color:#ffffff; --service-secondary-color:#B07C4B;; --service-title-primary-color:#1a243f; --service-title-secondary-color:#B07C4B;\"><a href=\"https:\/\/cabelitelaw.com\/fr\/domaines-dintervention\/energie-infrastructures\/droit-des-telecommunications-tic\/\"  target=\"_self\"  title=\"TELECOMMUNICATIONS &amp; TIC\"  data-ico-essential=\"&#xea28;\" class=\"bt_bb_icon_holder\"><\/a><div class=\"bt_bb_service_content\"><a href=\"https:\/\/cabelitelaw.com\/fr\/domaines-dintervention\/energie-infrastructures\/droit-des-telecommunications-tic\/\" target=\"_self\"><div class=\"bt_bb_service_content_title\">TELECOMMUNICATIONS &amp; TIC<\/div><div class=\"bt_bb_service_content_arrow\"><\/div><\/a><\/div><\/div><\/div><\/div><\/div><\/div><div class=\"bt_bb_separator bt_bb_border_style_none bt_bb_top_spacing_extra_small bt_bb_bottom_spacing_extra_small\" data-bt-override-class=\"null\"><\/div><div class=\" bt_bb_row_inner\"   data-bt-override-class=\"{}\"><div class=\"bt_bb_row_inner_holder\"  ><div  class=\"bt_bb_column_inner col-xl-6 bt_bb_align_left bt_bb_vertical_align_top bt_bb_padding_normal\"  data-width=\"6\" data-bt-override-class=\"{}\"><div class=\"bt_bb_column_inner_content\"><div class=\"bt_bb_service bt_bb_color_scheme_6 bt_bb_style_filled bt_bb_size_normal bt_bb_shape_square bt_bb_align_inherit bt_bb_arrow_visible bt_bb_title_color_scheme_14 bt_bb_font_weight_semi-bold\" style=\"; --service-primary-color:#ffffff; --service-secondary-color:#B07C4B;; --service-title-primary-color:#1a243f; --service-title-secondary-color:#B07C4B;\"><a href=\"https:\/\/cabelitelaw.com\/fr\/domaines-dintervention\/energie-infrastructures\/droit-des-transports\/\"  target=\"_self\"  title=\"TRANSPORT\"  data-ico-fontawesome=\"&#xf1b9;\" class=\"bt_bb_icon_holder\"><\/a><div class=\"bt_bb_service_content\"><a href=\"https:\/\/cabelitelaw.com\/fr\/domaines-dintervention\/energie-infrastructures\/droit-des-transports\/\" target=\"_self\"><div class=\"bt_bb_service_content_title\">TRANSPORT<\/div><div class=\"bt_bb_service_content_arrow\"><\/div><\/a><\/div><\/div><\/div><\/div><div  class=\"bt_bb_column_inner col-xl-6 bt_bb_align_left bt_bb_vertical_align_top bt_bb_padding_normal\"  data-width=\"6\" data-bt-override-class=\"{}\"><div class=\"bt_bb_column_inner_content\"><div class=\"bt_bb_service bt_bb_color_scheme_6 bt_bb_style_filled bt_bb_size_normal bt_bb_shape_square bt_bb_align_inherit bt_bb_arrow_visible bt_bb_title_color_scheme_14 bt_bb_font_weight_semi-bold\" style=\"; --service-primary-color:#ffffff; --service-secondary-color:#B07C4B;; --service-title-primary-color:#1a243f; --service-title-secondary-color:#B07C4B;\"><a href=\"https:\/\/cabelitelaw.com\/fr\/domaines-dintervention\/energie-infrastructures\/droit-foncier-immobilier\/\"  target=\"_self\"  title=\"DROIT FONCIER ET IMMOBILIER\"  data-ico-dripicons=\"&#xe964;\" class=\"bt_bb_icon_holder\"><\/a><div class=\"bt_bb_service_content\"><a href=\"https:\/\/cabelitelaw.com\/fr\/domaines-dintervention\/energie-infrastructures\/droit-foncier-immobilier\/\" target=\"_self\"><div class=\"bt_bb_service_content_title\">DROIT FONCIER ET IMMOBILIER<\/div><div class=\"bt_bb_service_content_arrow\"><\/div><\/a><\/div><\/div><\/div><\/div><\/div><\/div><div class=\"bt_bb_separator bt_bb_border_style_none bt_bb_top_spacing_normal bt_bb_bottom_spacing_normal\" data-bt-override-class=\"null\"><\/div><\/div><\/div><\/div><\/div><\/div><\/div><!-- cell_inner --><\/div><!-- cell --><\/div><!-- port --><\/section><section id=\"bt_bb_section69f9b98cabb7c\" class=\"bt_bb_section bt_bb_color_scheme_11 bt_bb_layout_boxed_1200 bt_bb_vertical_align_top bt_bb_top_spacing_medium bt_bb_bottom_spacing_medium\" style=\"; --section-primary-color:#191919; --section-secondary-color:#eff3f4;;background-color:#e1e5e0;\" data-bt-override-class=\"null\"><div class=\"bt_bb_port\"><div class=\"bt_bb_cell\"><div class=\"bt_bb_cell_inner\"><div class=\"bt_bb_row \"  data-bt-override-class=\"{}\"><div class=\"bt_bb_row_holder\" ><div  class=\"bt_bb_column col-xl-12 bt_bb_align_center bt_bb_padding_normal\"  data-width=\"12\" data-bt-override-class=\"{}\"><div class=\"bt_bb_column_content bt_bb_vertical_align_top bt_bb_color_scheme_\"><div class=\"bt_bb_column_content_inner\"><header class=\"bt_bb_headline bt_bb_color_scheme_14 bt_bb_dash_none bt_bb_size_medium bt_bb_align_inherit\" style=\"; --primary-color:#1a243f; --secondary-color:#B07C4B;\" data-bt-override-class=\"{&quot;bt_bb_align_&quot;:{&quot;current_class&quot;:&quot;bt_bb_align_inherit&quot;,&quot;def&quot;:&quot;inherit&quot;,&quot;xl&quot;:&quot;inherit&quot;}}\"><h3 class=\"bt_bb_headline_tag\"><span class=\"bt_bb_headline_content\"><span>Nos Autres Domaines d'Intervention<\/span><\/span><\/h3><\/header><div class=\"bt_bb_separator bt_bb_border_style_none bt_bb_bottom_spacing_medium\" data-bt-override-class=\"null\"><\/div><\/div><\/div><\/div><\/div><\/div><div class=\"bt_bb_row \"  data-bt-override-class=\"{}\"><div class=\"bt_bb_row_holder\" ><div  class=\"bt_bb_column col-xl-4 bt_bb_align_left bt_bb_padding_normal\"  data-width=\"4\" data-bt-override-class=\"{}\"><div class=\"bt_bb_column_content bt_bb_vertical_align_top bt_bb_color_scheme_\"><div class=\"bt_bb_column_content_inner\"><div class=\"bt_bb_separator bt_bb_border_style_none bt_bb_bottom_spacing_small\" data-bt-override-class=\"null\"><\/div><div class=\"bt_bb_service bt_bb_color_scheme_6 bt_bb_style_filled bt_bb_size_normal bt_bb_shape_square bt_bb_align_inherit bt_bb_arrow_visible bt_bb_title_color_scheme_14 bt_bb_font_weight_semi-bold bt_bb_hidden_xs bt_bb_hidden_ms bt_bb_hidden_sm bt_bb_hidden_md bt_bb_hidden_lg\" style=\"; --service-primary-color:#ffffff; --service-secondary-color:#B07C4B;; --service-title-primary-color:#1a243f; --service-title-secondary-color:#B07C4B;\"><a href=\"https:\/\/cabelitelaw.com\/fr\/domaines-dintervention\/energie-infrastructures\/\"  target=\"_self\"  title=\"ENERGIE &amp; INFRASTRUCTURES\"  data-ico-dripicons=\"&#xe920;\" class=\"bt_bb_icon_holder\"><\/a><div class=\"bt_bb_service_content\"><a href=\"https:\/\/cabelitelaw.com\/fr\/domaines-dintervention\/energie-infrastructures\/\" target=\"_self\"><div class=\"bt_bb_service_content_title\">ENERGIE &amp; INFRASTRUCTURES<\/div><div class=\"bt_bb_service_content_arrow\"><\/div><\/a><\/div><\/div><\/div><\/div><\/div><div  class=\"bt_bb_column col-xl-4 bt_bb_align_left bt_bb_padding_normal\"  data-width=\"4\" data-bt-override-class=\"{}\"><div class=\"bt_bb_column_content bt_bb_vertical_align_top bt_bb_color_scheme_\"><div class=\"bt_bb_column_content_inner\"><div class=\"bt_bb_service bt_bb_color_scheme_6 bt_bb_style_filled bt_bb_size_normal bt_bb_shape_square bt_bb_align_inherit bt_bb_arrow_visible bt_bb_title_color_scheme_14 bt_bb_font_weight_semi-bold\" style=\"; --service-primary-color:#ffffff; --service-secondary-color:#B07C4B;; --service-title-primary-color:#1a243f; --service-title-secondary-color:#B07C4B;\"><a href=\"https:\/\/cabelitelaw.com\/fr\/domaines-dintervention\/commerce-industrie\/\"  target=\"_self\"  title=\"COMMERCE &amp; INDUSTRIE\"  data-ico-business=\"&#xf158;\" class=\"bt_bb_icon_holder\"><\/a><div class=\"bt_bb_service_content\"><a href=\"https:\/\/cabelitelaw.com\/fr\/domaines-dintervention\/commerce-industrie\/\" target=\"_self\"><div class=\"bt_bb_service_content_title\">COMMERCE &amp; INDUSTRIE<\/div><div class=\"bt_bb_service_content_arrow\"><\/div><\/a><\/div><\/div><div class=\"bt_bb_separator bt_bb_border_style_none bt_bb_bottom_spacing_small\" data-bt-override-class=\"null\"><\/div><div class=\"bt_bb_service bt_bb_color_scheme_6 bt_bb_style_filled bt_bb_size_normal bt_bb_shape_square bt_bb_align_inherit bt_bb_arrow_visible bt_bb_title_color_scheme_14 bt_bb_font_weight_semi-bold\" style=\"; --service-primary-color:#ffffff; --service-secondary-color:#B07C4B;; --service-title-primary-color:#1a243f; --service-title-secondary-color:#B07C4B;\"><a href=\"https:\/\/cabelitelaw.com\/fr\/domaines-dintervention\/famille-personnes\/\"  target=\"_self\"  title=\"FAMILLE &amp; PERSONNES\"  data-ico-essential=\"&#xea64;\" class=\"bt_bb_icon_holder\"><\/a><div class=\"bt_bb_service_content\"><a href=\"https:\/\/cabelitelaw.com\/fr\/domaines-dintervention\/famille-personnes\/\" target=\"_self\"><div class=\"bt_bb_service_content_title\">FAMILLE &amp; PERSONNES<\/div><div class=\"bt_bb_service_content_arrow\"><\/div><\/a><\/div><\/div><\/div><\/div><\/div><div  class=\"bt_bb_column col-xl-4 bt_bb_align_left bt_bb_padding_normal\"  data-width=\"4\" data-bt-override-class=\"{}\"><div class=\"bt_bb_column_content bt_bb_vertical_align_top bt_bb_color_scheme_\"><div class=\"bt_bb_column_content_inner\"><div class=\"bt_bb_service bt_bb_color_scheme_6 bt_bb_style_filled bt_bb_size_normal bt_bb_shape_square bt_bb_align_inherit bt_bb_arrow_visible bt_bb_title_color_scheme_14 bt_bb_font_weight_semi-bold\" style=\"; --service-primary-color:#ffffff; --service-secondary-color:#B07C4B;; --service-title-primary-color:#1a243f; --service-title-secondary-color:#B07C4B;\"><a href=\"https:\/\/cabelitelaw.com\/fr\/domaines-dintervention\/banque-finance-assurances\/\"  target=\"_self\"  title=\"BANQUE, FINANCE &amp; ASSURANCES\"  data-ico-business=\"&#xf154;\" class=\"bt_bb_icon_holder\"><\/a><div class=\"bt_bb_service_content\"><a href=\"https:\/\/cabelitelaw.com\/fr\/domaines-dintervention\/banque-finance-assurances\/\" target=\"_self\"><div class=\"bt_bb_service_content_title\">BANQUE, FINANCE &amp; ASSURANCES<\/div><div class=\"bt_bb_service_content_arrow\"><\/div><\/a><\/div><\/div><div class=\"bt_bb_separator bt_bb_border_style_none bt_bb_bottom_spacing_small\" data-bt-override-class=\"null\"><\/div><div class=\"bt_bb_service bt_bb_color_scheme_6 bt_bb_style_filled bt_bb_size_normal bt_bb_shape_square bt_bb_align_inherit bt_bb_arrow_visible bt_bb_title_color_scheme_14 bt_bb_font_weight_semi-bold\" style=\"; --service-primary-color:#ffffff; --service-secondary-color:#B07C4B;; --service-title-primary-color:#1a243f; --service-title-secondary-color:#B07C4B;\"><a href=\"https:\/\/cabelitelaw.com\/fr\/domaines-dintervention\/mines-ressources-naturelles\/\"  target=\"_self\"  title=\"RESSOURCES NATURELLES\"  data-ico-essential=\"&#xe94d;\" class=\"bt_bb_icon_holder\"><\/a><div class=\"bt_bb_service_content\"><a href=\"https:\/\/cabelitelaw.com\/fr\/domaines-dintervention\/mines-ressources-naturelles\/\" target=\"_self\"><div class=\"bt_bb_service_content_title\">RESSOURCES NATURELLES<\/div><div class=\"bt_bb_service_content_arrow\"><\/div><\/a><\/div><\/div><\/div><\/div><\/div><\/div><\/div><\/div><!-- cell_inner --><\/div><!-- cell --><\/div><!-- port --><\/section><\/p>\n","protected":false},"excerpt":{"rendered":"","protected":false},"author":1,"featured_media":0,"parent":3762,"menu_order":0,"comment_status":"closed","ping_status":"closed","template":"","meta":{"footnotes":""},"class_list":["post-4199","page","type-page","status-publish","hentry"],"yoast_head":"<!-- This site is optimized with the Yoast SEO plugin v27.5 - https:\/\/yoast.com\/product\/yoast-seo-wordpress\/ -->\n<title>Energie &amp; Infrastructures - Elite Law Firm<\/title>\n<meta name=\"robots\" content=\"index, follow, max-snippet:-1, max-image-preview:large, max-video-preview:-1\" \/>\n<link rel=\"canonical\" href=\"https:\/\/cabelitelaw.com\/fr\/domaines-dintervention\/energie-infrastructures\/\" \/>\n<meta property=\"og:locale\" content=\"fr_FR\" \/>\n<meta property=\"og:type\" content=\"article\" \/>\n<meta property=\"og:title\" content=\"Energie &amp; Infrastructures - Elite Law Firm\" \/>\n<meta property=\"og:url\" content=\"https:\/\/cabelitelaw.com\/fr\/domaines-dintervention\/energie-infrastructures\/\" \/>\n<meta property=\"og:site_name\" content=\"Elite Law Firm\" \/>\n<meta property=\"article:publisher\" content=\"https:\/\/www.facebook.com\/elitelawfirm1\/\" \/>\n<meta property=\"article:modified_time\" content=\"2021-08-23T06:50:00+00:00\" \/>\n<meta name=\"twitter:card\" content=\"summary_large_image\" \/>\n<meta name=\"twitter:site\" content=\"@EliteLawFirm1\" \/>\n<meta name=\"twitter:label1\" content=\"Dur\u00e9e de lecture estim\u00e9e\" \/>\n\t<meta name=\"twitter:data1\" content=\"10 minutes\" \/>\n<script type=\"application\/ld+json\" class=\"yoast-schema-graph\">{\"@context\":\"https:\\\/\\\/schema.org\",\"@graph\":[{\"@type\":\"WebPage\",\"@id\":\"https:\\\/\\\/cabelitelaw.com\\\/fr\\\/domaines-dintervention\\\/energie-infrastructures\\\/\",\"url\":\"https:\\\/\\\/cabelitelaw.com\\\/fr\\\/domaines-dintervention\\\/energie-infrastructures\\\/\",\"name\":\"Energie & Infrastructures - Elite Law Firm\",\"isPartOf\":{\"@id\":\"https:\\\/\\\/cabelitelaw.com\\\/fr\\\/#website\"},\"datePublished\":\"2021-01-10T03:51:04+00:00\",\"dateModified\":\"2021-08-23T06:50:00+00:00\",\"breadcrumb\":{\"@id\":\"https:\\\/\\\/cabelitelaw.com\\\/fr\\\/domaines-dintervention\\\/energie-infrastructures\\\/#breadcrumb\"},\"inLanguage\":\"fr-FR\",\"potentialAction\":[{\"@type\":\"ReadAction\",\"target\":[\"https:\\\/\\\/cabelitelaw.com\\\/fr\\\/domaines-dintervention\\\/energie-infrastructures\\\/\"]}]},{\"@type\":\"BreadcrumbList\",\"@id\":\"https:\\\/\\\/cabelitelaw.com\\\/fr\\\/domaines-dintervention\\\/energie-infrastructures\\\/#breadcrumb\",\"itemListElement\":[{\"@type\":\"ListItem\",\"position\":1,\"name\":\"Domaines d&rsquo;Intervention\",\"item\":\"https:\\\/\\\/cabelitelaw.com\\\/fr\\\/domaines-dintervention\\\/\"},{\"@type\":\"ListItem\",\"position\":2,\"name\":\"Energie &#038; Infrastructures\"}]},{\"@type\":\"WebSite\",\"@id\":\"https:\\\/\\\/cabelitelaw.com\\\/fr\\\/#website\",\"url\":\"https:\\\/\\\/cabelitelaw.com\\\/fr\\\/\",\"name\":\"Elite Law Firm\",\"description\":\"A Dedicated Law Firm with a Team of Dedicated Lawyers\",\"publisher\":{\"@id\":\"https:\\\/\\\/cabelitelaw.com\\\/fr\\\/#organization\"},\"potentialAction\":[{\"@type\":\"SearchAction\",\"target\":{\"@type\":\"EntryPoint\",\"urlTemplate\":\"https:\\\/\\\/cabelitelaw.com\\\/fr\\\/?s={search_term_string}\"},\"query-input\":{\"@type\":\"PropertyValueSpecification\",\"valueRequired\":true,\"valueName\":\"search_term_string\"}}],\"inLanguage\":\"fr-FR\"},{\"@type\":\"Organization\",\"@id\":\"https:\\\/\\\/cabelitelaw.com\\\/fr\\\/#organization\",\"name\":\"Elite Law Firm\",\"url\":\"https:\\\/\\\/cabelitelaw.com\\\/fr\\\/\",\"logo\":{\"@type\":\"ImageObject\",\"inLanguage\":\"fr-FR\",\"@id\":\"https:\\\/\\\/cabelitelaw.com\\\/fr\\\/#\\\/schema\\\/logo\\\/image\\\/\",\"url\":\"https:\\\/\\\/cabelitelaw.com\\\/wp-content\\\/uploads\\\/2021\\\/02\\\/logo2_whiteback2.png\",\"contentUrl\":\"https:\\\/\\\/cabelitelaw.com\\\/wp-content\\\/uploads\\\/2021\\\/02\\\/logo2_whiteback2.png\",\"width\":800,\"height\":258,\"caption\":\"Elite Law Firm\"},\"image\":{\"@id\":\"https:\\\/\\\/cabelitelaw.com\\\/fr\\\/#\\\/schema\\\/logo\\\/image\\\/\"},\"sameAs\":[\"https:\\\/\\\/www.facebook.com\\\/elitelawfirm1\\\/\",\"https:\\\/\\\/x.com\\\/EliteLawFirm1\",\"https:\\\/\\\/www.linkedin.com\\\/company\\\/elitelawfirm\"]}]}<\/script>\n<!-- \/ Yoast SEO plugin. -->","yoast_head_json":{"title":"Energie & Infrastructures - Elite Law Firm","robots":{"index":"index","follow":"follow","max-snippet":"max-snippet:-1","max-image-preview":"max-image-preview:large","max-video-preview":"max-video-preview:-1"},"canonical":"https:\/\/cabelitelaw.com\/fr\/domaines-dintervention\/energie-infrastructures\/","og_locale":"fr_FR","og_type":"article","og_title":"Energie & Infrastructures - Elite Law Firm","og_url":"https:\/\/cabelitelaw.com\/fr\/domaines-dintervention\/energie-infrastructures\/","og_site_name":"Elite Law Firm","article_publisher":"https:\/\/www.facebook.com\/elitelawfirm1\/","article_modified_time":"2021-08-23T06:50:00+00:00","twitter_card":"summary_large_image","twitter_site":"@EliteLawFirm1","twitter_misc":{"Dur\u00e9e de lecture estim\u00e9e":"10 minutes"},"schema":{"@context":"https:\/\/schema.org","@graph":[{"@type":"WebPage","@id":"https:\/\/cabelitelaw.com\/fr\/domaines-dintervention\/energie-infrastructures\/","url":"https:\/\/cabelitelaw.com\/fr\/domaines-dintervention\/energie-infrastructures\/","name":"Energie & Infrastructures - Elite Law Firm","isPartOf":{"@id":"https:\/\/cabelitelaw.com\/fr\/#website"},"datePublished":"2021-01-10T03:51:04+00:00","dateModified":"2021-08-23T06:50:00+00:00","breadcrumb":{"@id":"https:\/\/cabelitelaw.com\/fr\/domaines-dintervention\/energie-infrastructures\/#breadcrumb"},"inLanguage":"fr-FR","potentialAction":[{"@type":"ReadAction","target":["https:\/\/cabelitelaw.com\/fr\/domaines-dintervention\/energie-infrastructures\/"]}]},{"@type":"BreadcrumbList","@id":"https:\/\/cabelitelaw.com\/fr\/domaines-dintervention\/energie-infrastructures\/#breadcrumb","itemListElement":[{"@type":"ListItem","position":1,"name":"Domaines d&rsquo;Intervention","item":"https:\/\/cabelitelaw.com\/fr\/domaines-dintervention\/"},{"@type":"ListItem","position":2,"name":"Energie &#038; Infrastructures"}]},{"@type":"WebSite","@id":"https:\/\/cabelitelaw.com\/fr\/#website","url":"https:\/\/cabelitelaw.com\/fr\/","name":"Elite Law Firm","description":"A Dedicated Law Firm with a Team of Dedicated Lawyers","publisher":{"@id":"https:\/\/cabelitelaw.com\/fr\/#organization"},"potentialAction":[{"@type":"SearchAction","target":{"@type":"EntryPoint","urlTemplate":"https:\/\/cabelitelaw.com\/fr\/?s={search_term_string}"},"query-input":{"@type":"PropertyValueSpecification","valueRequired":true,"valueName":"search_term_string"}}],"inLanguage":"fr-FR"},{"@type":"Organization","@id":"https:\/\/cabelitelaw.com\/fr\/#organization","name":"Elite Law Firm","url":"https:\/\/cabelitelaw.com\/fr\/","logo":{"@type":"ImageObject","inLanguage":"fr-FR","@id":"https:\/\/cabelitelaw.com\/fr\/#\/schema\/logo\/image\/","url":"https:\/\/cabelitelaw.com\/wp-content\/uploads\/2021\/02\/logo2_whiteback2.png","contentUrl":"https:\/\/cabelitelaw.com\/wp-content\/uploads\/2021\/02\/logo2_whiteback2.png","width":800,"height":258,"caption":"Elite Law Firm"},"image":{"@id":"https:\/\/cabelitelaw.com\/fr\/#\/schema\/logo\/image\/"},"sameAs":["https:\/\/www.facebook.com\/elitelawfirm1\/","https:\/\/x.com\/EliteLawFirm1","https:\/\/www.linkedin.com\/company\/elitelawfirm"]}]}},"_links":{"self":[{"href":"https:\/\/cabelitelaw.com\/fr\/wp-json\/wp\/v2\/pages\/4199","targetHints":{"allow":["GET"]}}],"collection":[{"href":"https:\/\/cabelitelaw.com\/fr\/wp-json\/wp\/v2\/pages"}],"about":[{"href":"https:\/\/cabelitelaw.com\/fr\/wp-json\/wp\/v2\/types\/page"}],"author":[{"embeddable":true,"href":"https:\/\/cabelitelaw.com\/fr\/wp-json\/wp\/v2\/users\/1"}],"replies":[{"embeddable":true,"href":"https:\/\/cabelitelaw.com\/fr\/wp-json\/wp\/v2\/comments?post=4199"}],"version-history":[{"count":15,"href":"https:\/\/cabelitelaw.com\/fr\/wp-json\/wp\/v2\/pages\/4199\/revisions"}],"predecessor-version":[{"id":7052,"href":"https:\/\/cabelitelaw.com\/fr\/wp-json\/wp\/v2\/pages\/4199\/revisions\/7052"}],"up":[{"embeddable":true,"href":"https:\/\/cabelitelaw.com\/fr\/wp-json\/wp\/v2\/pages\/3762"}],"wp:attachment":[{"href":"https:\/\/cabelitelaw.com\/fr\/wp-json\/wp\/v2\/media?parent=4199"}],"curies":[{"name":"wp","href":"https:\/\/api.w.org\/{rel}","templated":true}]}}